{"id":111,"date":"2021-06-19T00:03:57","date_gmt":"2021-06-18T22:03:57","guid":{"rendered":"https:\/\/fenetres-japon.fr\/?page_id=111"},"modified":"2025-03-12T18:39:38","modified_gmt":"2025-03-12T17:39:38","slug":"fenetres-sur-le-japon","status":"publish","type":"page","link":"https:\/\/fenetres-japon.fr\/","title":{"rendered":"Festival de films documentaires &#038; projections-d\u00e9bats"},"content":{"rendered":"\n<p>L\u2019id\u00e9e de <strong>Fen\u00eatres sur le Japon<\/strong> est de montrer des films sur le Japon que le public francophone a peu de chances de pouvoir d\u00e9couvrir ailleurs. Pour ce faire, des <a href=\"https:\/\/fenetres-japon.fr\/?cat=13\"><strong>projections-d\u00e9bats<\/strong><\/a> sont organis\u00e9es avec le soutien de l\u2019\u00e9quipe <a href=\"https:\/\/popjap.hypotheses.org\/\">Populations japonaises<\/a> (<a href=\"https:\/\/ifrae.cnrs.fr\/\">IFRAE<\/a> &amp; <a href=\"https:\/\/www.crcao.fr\/\">CRCAO<\/a>), du <a rel=\"noreferrer noopener\" href=\"https:\/\/www.unige.ch\/lettres\/estas\/\" target=\"_blank\">D\u00e9partement d\u2019\u00e9tudes est-asiatiques<\/a> de la Facult\u00e9 des lettres de l\u2019Universit\u00e9 de Gen\u00e8ve et de toutes les bonnes volont\u00e9s disponibles. Un <a href=\"https:\/\/fenetres-japon.fr\/?page_id=61\"><strong>festival<\/strong><\/a> a lieu aussi \u00e0 Paris tous les deux ans, \u00e0 l\u2019automne.<\/p>\n\n\n\n<figure class=\"wp-block-image size-large is-style-default\"><img loading=\"lazy\" width=\"800\" height=\"533\" src=\"https:\/\/fenetres-japon.fr\/wp-content\/uploads\/2024\/06\/POST-FESTIVAL-2025-1.png\" alt=\"\" class=\"wp-image-1463\" srcset=\"https:\/\/fenetres-japon.fr\/wp-content\/uploads\/2024\/06\/POST-FESTIVAL-2025-1.png 800w, https:\/\/fenetres-japon.fr\/wp-content\/uploads\/2024\/06\/POST-FESTIVAL-2025-1-300x200.png 300w, https:\/\/fenetres-japon.fr\/wp-content\/uploads\/2024\/06\/POST-FESTIVAL-2025-1-768x512.png 768w\" sizes=\"(max-width: 800px) 100vw, 800px\" \/><\/figure>\n\n\n\n<p><a href=\"https:\/\/twitter.com\/fenetres_japon\/\"><\/a><strong>Pour ne rien manquer, abonnez-vous \u00e0 notre compte<\/strong>&nbsp;<a href=\"https:\/\/twitter.com\/fenetres_japon\/\"><strong>twitter<\/strong><\/a> <strong>ou par mail \u00e0 notre <a href=\"https:\/\/fenetres-japon.fr\/?p=220\">liste d\u2019informations<\/a>.<\/strong><\/p>\n","protected":false},"excerpt":{"rendered":"<p>L\u2019id\u00e9e de Fen\u00eatres sur le Japon est de montrer des films sur le Japon que le public francophone a peu de chances de pouvoir d\u00e9couvrir ailleurs. Pour ce faire, des projections-d\u00e9bats sont organis\u00e9es avec le soutien de l\u2019\u00e9quipe Populations japonaises (IFRAE &amp; CRCAO), du D\u00e9partement d\u2019\u00e9tudes est-asiatiques de la Facult\u00e9 des lettres de l\u2019Universit\u00e9 de [&hellip;]<\/p>\n","protected":false},"author":72,"featured_media":541,"parent":0,"menu_order":0,"comment_status":"closed","ping_status":"closed","template":"","meta":[],"_links":{"self":[{"href":"https:\/\/fenetres-japon.fr\/index.php?rest_route=\/wp\/v2\/pages\/111"}],"collection":[{"href":"https:\/\/fenetres-japon.fr\/index.php?rest_route=\/wp\/v2\/pages"}],"about":[{"href":"https:\/\/fenetres-japon.fr\/index.php?rest_route=\/wp\/v2\/types\/page"}],"author":[{"embeddable":true,"href":"https:\/\/fenetres-japon.fr\/index.php?rest_route=\/wp\/v2\/users\/72"}],"replies":[{"embeddable":true,"href":"https:\/\/fenetres-japon.fr\/index.php?rest_route=%2Fwp%2Fv2%2Fcomments&post=111"}],"version-history":[{"count":40,"href":"https:\/\/fenetres-japon.fr\/index.php?rest_route=\/wp\/v2\/pages\/111\/revisions"}],"predecessor-version":[{"id":1785,"href":"https:\/\/fenetres-japon.fr\/index.php?rest_route=\/wp\/v2\/pages\/111\/revisions\/1785"}],"wp:featuredmedia":[{"embeddable":true,"href":"https:\/\/fenetres-japon.fr\/index.php?rest_route=\/wp\/v2\/media\/541"}],"wp:attachment":[{"href":"https:\/\/fenetres-japon.fr\/index.php?rest_route=%2Fwp%2Fv2%2Fmedia&parent=111"}],"curies":[{"name":"wp","href":"https:\/\/api.w.org\/{rel}","templated":true}]}}